
{"id":4123,"date":"2023-08-30T21:48:15","date_gmt":"2023-08-31T01:48:15","guid":{"rendered":"http:\/\/cantatasingersottawa.ca\/wp\/?page_id=4123"},"modified":"2024-04-15T07:07:11","modified_gmt":"2024-04-15T11:07:11","slug":"les-paysages-sonores-arctiques","status":"publish","type":"page","link":"http:\/\/cantatasingersottawa.ca\/wp\/fr\/les-paysages-sonores-arctiques\/","title":{"rendered":"Les paysages sonores arctiques"},"content":{"rendered":"<p>[vc_row full_width=&#8221;stretch_row&#8221;][vc_column]\n\t\t\t<section class=\" cover height-40 imagebg text-center\" data-overlay=\"1\" >\n\t\t\t    <div class=\"background-image-holder\">\n\t\t\t        <img loading=\"lazy\" decoding=\"async\" width=\"1920\" height=\"470\" src=\"http:\/\/cantatasingersottawa.ca\/wp\/wp-content\/uploads\/2018\/05\/background_desktop-1.jpg\" class=\"attachment-full size-full\" alt=\"Cantata Singers of Ottawa choir\" srcset=\"http:\/\/cantatasingersottawa.ca\/wp\/wp-content\/uploads\/2018\/05\/background_desktop-1.jpg 1920w, http:\/\/cantatasingersottawa.ca\/wp\/wp-content\/uploads\/2018\/05\/background_desktop-1-300x73.jpg 300w, http:\/\/cantatasingersottawa.ca\/wp\/wp-content\/uploads\/2018\/05\/background_desktop-1-768x188.jpg 768w, http:\/\/cantatasingersottawa.ca\/wp\/wp-content\/uploads\/2018\/05\/background_desktop-1-1024x251.jpg 1024w, http:\/\/cantatasingersottawa.ca\/wp\/wp-content\/uploads\/2018\/05\/background_desktop-1-600x147.jpg 600w\" sizes=\"auto, (max-width: 1920px) 100vw, 1920px\" \/>\n\t\t\t    <\/div>\n\t\t\t    <div class=\"container pos-vertical-center\">\n\t\t\t        <div class=\"row\">\n\t\t\t            <div class=\"col-sm-12\">[vc_empty_space height=&#8221;150px&#8221;][vc_custom_heading text=&#8221;Saison 2023-2024&#8243; font_container=&#8221;tag:h1|text_align:center|color:%23ffffff&#8221; use_theme_fonts=&#8221;yes&#8221;][vc_empty_space height=&#8221;20px&#8221;]<\/div>\n\t\t\t        <\/div><!--end of row-->\n\t\t\t    <\/div><!--end of container-->\n\t\t\t    \n\t\t\t<\/section>\n\t\t[\/vc_column][\/vc_row][vc_row css=&#8221;.vc_custom_1527201215990{padding-top: 20px !important;}&#8221;][vc_column width=&#8221;2\/3&#8243;][vc_custom_heading source=&#8221;post_title&#8221; font_container=&#8221;tag:h2|text_align:left|color:%23000000&#8243; use_theme_fonts=&#8221;yes&#8221;][vc_column_text]<\/p>\n<div class=\"elementor-element elementor-element-0f2c797 elementor-widget elementor-widget-text-editor\" data-id=\"0f2c797\" data-element_type=\"text-editor.default\">\n<div class=\"elementor-widget-container\">\n<div class=\"elementor-text-editor elementor-clearfix\">\n<p>Ch\u0153ur a capella<\/p>\n<p>Les Cantata Singers d&#8217;Ottawa pr\u00e9sentent de la musique et des chansons des pays de l&#8217;Arctique, notamment la Norv\u00e8ge, la Su\u00e8de, la Finlande, l&#8217;Islande et le Canada. Musique inspir\u00e9e par la glace, la neige, les aurores bor\u00e9ales et le soleil de minuit. Laissez-vous transporter dans des paysages anciens et une nature impressionnante, captur\u00e9s et exprim\u00e9s par la musique.<\/p>\n<p>Les pays arctiques ont des traditions musicales uniques et vari\u00e9es qui se sont d\u00e9velopp\u00e9es au fil des si\u00e8cles. Nous explorerons ces traditions pour en d\u00e9couvrir les diff\u00e9rences et les similitudes.<\/p>\n<p>Le concert pr\u00e9sentera les cultures arctiques \u00e0 travers le prisme de la musique, avec des pi\u00e8ces en latin, fran\u00e7ais, anglais, islandais, finnois, su\u00e9dois et inuktitut.<\/p>\n<p>Des ambassadeurs culturels du Nunavut Sivuniksavut interpr\u00e9teront des pi\u00e8ces chorales inuites, des tambours et des danses, ainsi que des chants de gorge. <a href=\"http:\/\/www.nunavutsivuniksavut.ca\" rel=\"noopener\">www.nunavutsivuniksavut.ca<\/a><\/p>\n<p><strong>14 AVRIL 2024 | 15 H 00<br \/>\n\u00c9GLISE SAINT-JOSEPH<br \/>\n174 RUE WILBROD<br \/>\n<\/strong><\/p>\n<p><strong>BILLETS<\/strong><br \/>\n$50 Si\u00e8ges Premium<br \/>\n$30 Adultes<br \/>\n$25 A\u00een\u00e9s<br \/>\n$10 \u00c9tudiants<\/p>\n<\/div>\n<\/div>\n<\/div>\n<p>[\/vc_column_text][\/vc_column][vc_column width=&#8221;1\/3&#8243;][vc_single_image image=&#8221;4156&#8243; img_size=&#8221;full&#8221;][vc_empty_space height=&#8221;50px&#8221;][\/vc_column][\/vc_row][vc_row el_class=&#8221;hide-element&#8221;][vc_column width=&#8221;2\/3&#8243; css=&#8221;.vc_custom_1533186595990{padding-top: 2% !important;}&#8221;][vc_message]Vous pouvez acheter des billets en ligne (voir ci-dessous) ou en personne sur place. Les portes ouvrent 30 minutes avant le concert.[\/vc_message][vc_empty_space height=&#8221;50px&#8221;][vc_column_text]<span style=\"color: #ff0000;\">Veuillez noter que vous ne recevrez pas de billets imprim\u00e9s.<\/span> <span>Une fois la transaction termin\u00e9e, vous recevrez une <b>preuve d\u2019achat<\/b> par courriel. Vous n&#8217;avez qu&#8217;\u00e0 la pr\u00e9senter au concert. <\/span>[\/vc_column_text][vc_empty_space height=&#8221;50px&#8221;][vc_column_text]\r\n<div id=\"wwof_product_listing_container\" data-categories=\"0\" data-products=\"4174,4175,4176,4177\">\r\n    <div id=\"wwof_product_listing_ajax_content\" style=\"position: relative;\">\r\n        <!--AJAX Content Goes Here -->\r\n    <\/div><!--#wwof_product_listing_ajax_content-->\r\n\r\n<\/div><!--#wwof_product_listing_container-->[\/vc_column_text][vc_empty_space height=&#8221;10px&#8221;][\/vc_column][vc_column width=&#8221;1\/3&#8243;][vc_empty_space height=&#8221;65px&#8221;][vc_widget_sidebar sidebar_id=&#8221;page&#8221;][vc_empty_space height=&#8221;10px&#8221;][\/vc_column][\/vc_row][vc_row][vc_column][vc_empty_space height=&#8221;50px&#8221;][\/vc_column][\/vc_row]<\/p>\n","protected":false},"excerpt":{"rendered":"<p>[vc_row full_width=&#8221;stretch_row&#8221;][vc_column][\/vc_column][\/vc_row][vc_row css=&#8221;.vc_custom_1527201215990{padding-top: 20px !important;}&#8221;][vc_column width=&#8221;2\/3&#8243;][vc_custom_heading source=&#8221;post_title&#8221; font_container=&#8221;tag:h2|text_align:left|color:%23000000&#8243; use_theme_fonts=&#8221;yes&#8221;][vc_column_text] Ch\u0153ur a capella Les Cantata Singers d&#8217;Ottawa pr\u00e9sentent de la musique et des&#8230;<\/p>\n","protected":false},"author":7,"featured_media":0,"parent":0,"menu_order":0,"comment_status":"closed","ping_status":"closed","template":"","meta":{"_exactmetrics_skip_tracking":false,"_exactmetrics_sitenote_active":false,"_exactmetrics_sitenote_note":"","_exactmetrics_sitenote_category":0,"footnotes":""},"class_list":["post-4123","page","type-page","status-publish","hentry"],"_links":{"self":[{"href":"http:\/\/cantatasingersottawa.ca\/wp\/wp-json\/wp\/v2\/pages\/4123","targetHints":{"allow":["GET"]}}],"collection":[{"href":"http:\/\/cantatasingersottawa.ca\/wp\/wp-json\/wp\/v2\/pages"}],"about":[{"href":"http:\/\/cantatasingersottawa.ca\/wp\/wp-json\/wp\/v2\/types\/page"}],"author":[{"embeddable":true,"href":"http:\/\/cantatasingersottawa.ca\/wp\/wp-json\/wp\/v2\/users\/7"}],"replies":[{"embeddable":true,"href":"http:\/\/cantatasingersottawa.ca\/wp\/wp-json\/wp\/v2\/comments?post=4123"}],"version-history":[{"count":8,"href":"http:\/\/cantatasingersottawa.ca\/wp\/wp-json\/wp\/v2\/pages\/4123\/revisions"}],"predecessor-version":[{"id":4788,"href":"http:\/\/cantatasingersottawa.ca\/wp\/wp-json\/wp\/v2\/pages\/4123\/revisions\/4788"}],"wp:attachment":[{"href":"http:\/\/cantatasingersottawa.ca\/wp\/wp-json\/wp\/v2\/media?parent=4123"}],"curies":[{"name":"wp","href":"https:\/\/api.w.org\/{rel}","templated":true}]}}