
{"id":2798,"date":"2022-08-07T18:20:53","date_gmt":"2022-08-07T22:20:53","guid":{"rendered":"http:\/\/cantatasingersottawa.ca\/wp\/?page_id=2798"},"modified":"2023-04-26T22:40:32","modified_gmt":"2023-04-27T02:40:32","slug":"part-richter-reich-minimalisme-vocal","status":"publish","type":"page","link":"http:\/\/cantatasingersottawa.ca\/wp\/fr\/part-richter-reich-minimalisme-vocal\/","title":{"rendered":"Minimalisme: P\u00e4rt, Richter &#038; Glass"},"content":{"rendered":"<p>[vc_row full_width=&#8221;stretch_row&#8221;][vc_column]\n\t\t\t<section class=\" cover height-40 imagebg text-center\" data-overlay=\"1\" >\n\t\t\t    <div class=\"background-image-holder\">\n\t\t\t        <img loading=\"lazy\" decoding=\"async\" width=\"1920\" height=\"470\" src=\"http:\/\/cantatasingersottawa.ca\/wp\/wp-content\/uploads\/2018\/05\/background_desktop-1.jpg\" class=\"attachment-full size-full\" alt=\"Cantata Singers of Ottawa choir\" srcset=\"http:\/\/cantatasingersottawa.ca\/wp\/wp-content\/uploads\/2018\/05\/background_desktop-1.jpg 1920w, http:\/\/cantatasingersottawa.ca\/wp\/wp-content\/uploads\/2018\/05\/background_desktop-1-300x73.jpg 300w, http:\/\/cantatasingersottawa.ca\/wp\/wp-content\/uploads\/2018\/05\/background_desktop-1-768x188.jpg 768w, http:\/\/cantatasingersottawa.ca\/wp\/wp-content\/uploads\/2018\/05\/background_desktop-1-1024x251.jpg 1024w, http:\/\/cantatasingersottawa.ca\/wp\/wp-content\/uploads\/2018\/05\/background_desktop-1-600x147.jpg 600w\" sizes=\"auto, (max-width: 1920px) 100vw, 1920px\" \/>\n\t\t\t    <\/div>\n\t\t\t    <div class=\"container pos-vertical-center\">\n\t\t\t        <div class=\"row\">\n\t\t\t            <div class=\"col-sm-12\">[vc_empty_space height=&#8221;150px&#8221;][vc_custom_heading text=&#8221;Saison 2022-2023&#8243; font_container=&#8221;tag:h1|text_align:center|color:%23ffffff&#8221; use_theme_fonts=&#8221;yes&#8221;][vc_empty_space height=&#8221;20px&#8221;]<\/div>\n\t\t\t        <\/div><!--end of row-->\n\t\t\t    <\/div><!--end of container-->\n\t\t\t    \n\t\t\t<\/section>\n\t\t[\/vc_column][\/vc_row][vc_row css=&#8221;.vc_custom_1527201215990{padding-top: 20px !important;}&#8221;][vc_column width=&#8221;2\/3&#8243;][vc_custom_heading source=&#8221;post_title&#8221; font_container=&#8221;tag:h2|text_align:left|color:%23000000&#8243; use_theme_fonts=&#8221;yes&#8221;][vc_column_text]<\/p>\n<div class=\"elementor-element elementor-element-0f2c797 elementor-widget elementor-widget-text-editor\" data-id=\"0f2c797\" data-element_type=\"text-editor.default\">\n<div class=\"elementor-widget-container\">\n<div class=\"elementor-text-editor elementor-clearfix\">\n<p>Avec nos artistes invit\u00e9s, Thirteen Strings, les CSO explorent les \u00e9l\u00e9ments de base de la musique \u00e0 travers les \u0153uvres d\u2019Arvo P\u00e4rt, Philip Glass, Henryk G\u00f3recki, Stephen Reich, Max Richter et John Tavener. Le spectacle comprendra des projections visuelles, des cr\u00e9ations orales et de l\u2019orgue \u00e9lectrique.<\/p>\n<p>Programme: <a href=\"http:\/\/cantatasingersottawa.ca\/wp\/wp-content\/uploads\/2023\/04\/Minimalism-2023.pdf\" target=\"_blank\" rel=\"noopener\">PDF<\/a><\/p>\n<p><strong>13 MAI 2023 | 19 H 00<br \/>\n\u00c9GLISE SAINT-JOSEPH<br \/>\n174 RUE WILBROD<\/strong><\/p>\n<p>&nbsp;<\/p>\n<p><strong>BILLETS<\/strong><br \/>\n$50 Si\u00e8ges Premium<br \/>\n$30 Adultes<br \/>\n$25 A\u00een\u00e9s<br \/>\n$10 \u00c9tudiants<\/p>\n<\/div>\n<\/div>\n<\/div>\n<p>[\/vc_column_text][\/vc_column][vc_column width=&#8221;1\/3&#8243;][vc_single_image image=&#8221;1662&#8243; img_size=&#8221;full&#8221;][vc_empty_space height=&#8221;50px&#8221;][\/vc_column][\/vc_row][vc_row][vc_column width=&#8221;2\/3&#8243; css=&#8221;.vc_custom_1533186595990{padding-top: 2% !important;}&#8221;][vc_empty_space height=&#8221;50px&#8221;][vc_column_text]<span style=\"color: #ff0000;\">Veuillez noter que vous ne recevrez pas de billets imprim\u00e9s.<\/span> <span>Une fois la transaction termin\u00e9e, vous recevrez une <b>preuve d\u2019achat<\/b> par courriel. Vous n&#8217;avez qu&#8217;\u00e0 la pr\u00e9senter au concert. <\/span>[\/vc_column_text][vc_empty_space height=&#8221;50px&#8221;][vc_column_text]\r\n<div id=\"wwof_product_listing_container\" data-categories=\"0\" data-products=\"2812,2813,2814,2815\">\r\n    <div id=\"wwof_product_listing_ajax_content\" style=\"position: relative;\">\r\n        <!--AJAX Content Goes Here -->\r\n    <\/div><!--#wwof_product_listing_ajax_content-->\r\n\r\n<\/div><!--#wwof_product_listing_container-->[\/vc_column_text][vc_empty_space height=&#8221;10px&#8221;][\/vc_column][vc_column width=&#8221;1\/3&#8243;][vc_empty_space height=&#8221;65px&#8221;][vc_widget_sidebar sidebar_id=&#8221;page&#8221;][vc_empty_space height=&#8221;10px&#8221;][\/vc_column][\/vc_row][vc_row][vc_column][vc_empty_space height=&#8221;50px&#8221;][\/vc_column][\/vc_row]<\/p>\n","protected":false},"excerpt":{"rendered":"<p>[vc_row full_width=&#8221;stretch_row&#8221;][vc_column][\/vc_column][\/vc_row][vc_row css=&#8221;.vc_custom_1527201215990{padding-top: 20px !important;}&#8221;][vc_column width=&#8221;2\/3&#8243;][vc_custom_heading source=&#8221;post_title&#8221; font_container=&#8221;tag:h2|text_align:left|color:%23000000&#8243; use_theme_fonts=&#8221;yes&#8221;][vc_column_text] Avec nos artistes invit\u00e9s, Thirteen Strings, les CSO explorent les \u00e9l\u00e9ments de base&#8230;<\/p>\n","protected":false},"author":7,"featured_media":0,"parent":0,"menu_order":0,"comment_status":"closed","ping_status":"closed","template":"","meta":{"_exactmetrics_skip_tracking":false,"_exactmetrics_sitenote_active":false,"_exactmetrics_sitenote_note":"","_exactmetrics_sitenote_category":0,"footnotes":""},"class_list":["post-2798","page","type-page","status-publish","hentry"],"_links":{"self":[{"href":"http:\/\/cantatasingersottawa.ca\/wp\/wp-json\/wp\/v2\/pages\/2798","targetHints":{"allow":["GET"]}}],"collection":[{"href":"http:\/\/cantatasingersottawa.ca\/wp\/wp-json\/wp\/v2\/pages"}],"about":[{"href":"http:\/\/cantatasingersottawa.ca\/wp\/wp-json\/wp\/v2\/types\/page"}],"author":[{"embeddable":true,"href":"http:\/\/cantatasingersottawa.ca\/wp\/wp-json\/wp\/v2\/users\/7"}],"replies":[{"embeddable":true,"href":"http:\/\/cantatasingersottawa.ca\/wp\/wp-json\/wp\/v2\/comments?post=2798"}],"version-history":[{"count":8,"href":"http:\/\/cantatasingersottawa.ca\/wp\/wp-json\/wp\/v2\/pages\/2798\/revisions"}],"predecessor-version":[{"id":3820,"href":"http:\/\/cantatasingersottawa.ca\/wp\/wp-json\/wp\/v2\/pages\/2798\/revisions\/3820"}],"wp:attachment":[{"href":"http:\/\/cantatasingersottawa.ca\/wp\/wp-json\/wp\/v2\/media?parent=2798"}],"curies":[{"name":"wp","href":"https:\/\/api.w.org\/{rel}","templated":true}]}}